{"id":6431,"date":"2025-06-06T14:14:58","date_gmt":"2025-06-06T12:14:58","guid":{"rendered":"https:\/\/iladian.pl\/?page_id=6431"},"modified":"2025-06-06T14:14:58","modified_gmt":"2025-06-06T12:14:58","slug":"regulamin","status":"publish","type":"page","link":"https:\/\/iladian.pl\/index.php\/regulamin\/","title":{"rendered":"Regulamin"},"content":{"rendered":"<p><b>Regulamin udzia\u0142u w akcji promocyjnej marki Iladian<\/b><\/p>\n<p>Zwany dalej jako \u201e<b>Regulamin<\/b>\u201d<\/p>\n<p><b>\u00a71.<span class=\"Apple-converted-space\">\u00a0<\/span><\/b><\/p>\n<p><b>Postanowienia og\u00f3lne<\/b><\/p>\n<ol>\n<li>Regulamin okre\u015bla zasady udzia\u0142u w akcji mailingowej organizowanej przez Aflofarm Farmacja Polska Sp. z o.o. z siedzib\u0105 w Pabianicach przy ul. Partyzanckiej 133\/151, 95-200 Pabianice, wpisana do rejestru przedsi\u0119biorc\u00f3w prowadzonego przez S\u0105d Rejonowy dla \u0141odzi \u2013 \u015ar\u00f3dmie\u015bcia w \u0141odzi XX Wydzia\u0142 Gospodarczy Krajowego Rejestru S\u0105dowego pod numerem KRS 0000014115, NIP 731 18 21 205, REGON 472871255, BDO: 000017375, wysoko\u015b\u0107 kapita\u0142u zak\u0142adowego: 26 271 500,00 z\u0142, posiadaj\u0105c\u0105 status du\u017cego przedsi\u0119biorcy w oparciu o przepisy art. 4 ust. 6 ustawy z dnia 8 marca 2013 o op\u00f3\u017anieniach w transakcjach handlowych (zwana dalej \u201eOrganizatorem\u201d), polegaj\u0105cej na przes\u0142aniu wybranym odbiorcom informacji o produktach marki iladian oraz otrzymania do testowania produktu <b><i>iladian uro \u017cel do higieny intymnej oraz produktu iladian intima (dalej jako \u201eAkcja Promocyjna\u201d).<\/i><\/b><\/li>\n<li>Akcja Promocyjna skierowana jest do podmiot\u00f3w wykonuj\u0105cych zawody medyczne lub paramedyczne (w szczeg\u00f3lno\u015bci fizjoterapeutek uroginekologicznych lub szk\u00f3\u0142 rodzenia) prowadz\u0105cych dzia\u0142alno\u015b\u0107 gospodarcz\u0105 lub zawodow\u0105, posiadaj\u0105cych publicznie dost\u0119pny adres e-mail.<\/li>\n<li>Udzia\u0142 w akcji ma charakter dobrowolny i nieodp\u0142atny.<\/li>\n<\/ol>\n<p><b>\u00a72.<span class=\"Apple-converted-space\">\u00a0<\/span><\/b><\/p>\n<p><b>Zasady udzia\u0142u i przekazania pr\u00f3bek<\/b><\/p>\n<ol>\n<li>Akcja Promocyjna jest orgaznizowana na terytorium Rzeczpospolitej Polskiej.<span class=\"Apple-converted-space\">\u00a0<\/span><\/li>\n<li>Akcja Promocyjna rozpoczyna si\u0119 6.06.2025 i trwa do 20.06.2025 roku.<\/li>\n<li>Warunkiem uczestnictwa w Akcji Promocyjnej jest pe\u0142na zdolno\u015b\u0107 do czynno\u015bci prawnych.<span class=\"Apple-converted-space\">\u00a0<\/span><\/li>\n<li>Uczestnik ka\u017cdorazowo zg\u0142asza ch\u0119\u0107 udzia\u0142u w Akcji Promocyjnej wype\u0142niaj\u0105c Formularz Zg\u0142oszeniowy udost\u0119pniony na Stronie Internetowej: www.iladian.pl<\/li>\n<li>Organizatorowi przys\u0142uguje prawo weryfikacji spe\u0142nienia przez Uczestnik\u00f3w Akcji Promocyjnej powy\u017cszych warunk\u00f3w uczestnictwa.<span class=\"Apple-converted-space\">\u00a0<\/span><\/li>\n<li>Organizator wybiera Uczestnika Akcji Promocyjnej wedle w\u0142asnego uznania, kieruj\u0105c si\u0119 przy tym kryteriami takimi jak: profil zawodowy, odbiorcy us\u0142ug, spos\u00f3b prezentacji us\u0142ug w Social Mediach i inne.<span class=\"Apple-converted-space\">\u00a0<\/span><\/li>\n<li>Uczestnik akcji mo\u017ce otrzyma\u0107 bezp\u0142atnie produkty marki iladian, po wyra\u017ceniu ch\u0119ci ich przetestowania w Formularzu Zg\u0142oszeniowym i poprawnym wskazaniu adresu dostawy produkt\u00f3w.<span class=\"Apple-converted-space\">\u00a0<\/span><\/li>\n<li>Przekazanie produkt\u00f3w nie stanowi formy wynagrodzenia ani nie zobowi\u0105zuje uczestnika do podejmowania jakichkolwiek dzia\u0142a\u0144 promocyjnych, recenzenckich lub marketingowych.<\/li>\n<li>Uczestnik, kt\u00f3ry otrzyma produkty za po\u015brednictwem przesy\u0142ki kurierskiej podpisuj\u0119 potwierdzenia odbioru produkt\u00f3w.<\/li>\n<li>Liczba produkt\u00f3w jest ograniczona, a o ich przyznaniu decyduje kolejno\u015b\u0107 zg\u0142osze\u0144 lub inne kryteria okre\u015blone przez Organizatora.<\/li>\n<li>Uczestnikami Akcji Promocyjnej nie mog\u0105 by\u0107 pracownicy lub wsp\u00f3\u0142pracownicy Organizatora, a tak\u017ce cz\u0142onkowie ich najbli\u017cszych rodzin, tj. ma\u0142\u017conek, dzieci, rodzice, oraz rodze\u0144stwo (w tym i rodze\u0144stwo przyrodnie).<span class=\"Apple-converted-space\">\u00a0<\/span><\/li>\n<\/ol>\n<p><b>\u00a73.<span class=\"Apple-converted-space\">\u00a0<\/span><\/b><\/p>\n<p><b>Granice zg\u0142oszenia<\/b><\/p>\n<ol>\n<li>Uczestnicy Akcji Promocyjnej nie mog\u0105 zg\u0142asza\u0107 udzia\u0142u w celu wyra\u017cania pogl\u0105d\u00f3w politycznych lub religijnych.<span class=\"Apple-converted-space\">\u00a0<\/span><\/li>\n<li>Organizator zastrzega sobie prawo do odrzucenia zg\u0142oszenia, kt\u00f3re zawiera materia\u0142y obra\u017aliwe, szkodliwe, obsceniczne, wykraczaj\u0105ce poza granice dobrego smaku, m\u015bciwe, nieprzyzwoite, niemoralne, agresywne, rasistowskie, szydercze, oszczercze, dyskryminuj\u0105ce lub w jakikolwiek inny spos\u00f3b niezgodne z og\u00f3lnie akceptowanymi normami dobrych obyczaj\u00f3w, smaku i przyzwoito\u015bci lub kt\u00f3re Organizator, wed\u0142ug w\u0142asnego uznania, uzna za niedopuszczalne.<span class=\"Apple-converted-space\">\u00a0<\/span><\/li>\n<li>Zg\u0142oszenia nie mog\u0105 by\u0107 niezgodne z prawem ani narusza\u0107 d\u00f3br os\u00f3b trzecich. Nie mog\u0105 zawiera\u0107, popiera\u0107 ani zach\u0119ca\u0107 do pornografii, nieprzyzwoito\u015bci, wulgaryzm\u00f3w, nienawi\u015bci, fanatyzmu, rasizmu oraz nieuzasadnionej przemocy.<span class=\"Apple-converted-space\">\u00a0<\/span><\/li>\n<li>Zg\u0142oszenia nie mog\u0105 zawiera\u0107 tre\u015bci w jakikolwiek spos\u00f3b szkodz\u0105cych Organizatorowi.<span class=\"Apple-converted-space\">\u00a0<\/span><\/li>\n<li>Uczestnicy Akcji Promocyjnej nie mog\u0105 przesy\u0142a\u0107, publikowa\u0107, wysy\u0142a\u0107 w wiadomo\u015bciach e-mail lub w inny spos\u00f3b rozpowszechnia\u0107 jakichkolwiek materia\u0142\u00f3w zawieraj\u0105cych wirusy komputerowe lub innych kod\u00f3w komputerowych, plik\u00f3w albo program\u00f3w s\u0142u\u017c\u0105cych do zak\u0142\u00f3cania, niszczenia lub ograniczania mo\u017cliwo\u015bci korzystania z oprogramowania Organizatora.<span class=\"Apple-converted-space\">\u00a0<\/span><\/li>\n<\/ol>\n<p><b>\u00a74.<span class=\"Apple-converted-space\">\u00a0<\/span><\/b><\/p>\n<p><b>Publikacja opinii<\/b><\/p>\n<ol>\n<li>Organizator nie zobowi\u0105zuje uczestnik\u00f3w do publikowania opinii ani jakiejkolwiek formy promocji produkt\u00f3w.<\/li>\n<li>W przypadku dobrowolnej publikacji opinii przez uczestnika:<\/li>\n<\/ol>\n<ol>\n<li style=\"list-style-type: none;\">\n<ol>\n<li>opinia powinna mie\u0107 charakter rzetelny i oparty na w\u0142asnym do\u015bwiadczeniu,<\/li>\n<li>powinna zawiera\u0107 informacj\u0119, \u017ce produkt zosta\u0142 przekazany bezp\u0142atnie do test\u00f3w,<\/li>\n<li>nie mo\u017ce przypisywa\u0107 produktom w\u0142a\u015bciwo\u015bci wykraczaj\u0105cych poza informacje zawarte na opakowaniu lub ulotce kosmetyku.<span class=\"Apple-converted-space\">\u00a0<\/span><\/li>\n<\/ol>\n<\/li>\n<\/ol>\n<ol>\n<li>Organizator nie ponosi odpowiedzialno\u015bci za tre\u015bci publikowane przez uczestnik\u00f3w, kt\u00f3re nie zosta\u0142y przez niego zlecone ani autoryzowane.<\/li>\n<\/ol>\n<p><b>\u00a75.<span class=\"Apple-converted-space\">\u00a0<\/span><\/b><\/p>\n<p><b>Zawiadomienia<\/b><\/p>\n<p>Wszelka komunikacja z wybranymi Uczestnikami w ramach Akcji Promocyjnej b\u0119dzie odbywa\u0107 si\u0119 za po\u015brednictwem poczty elektronicznej wskazanej w Formularzu Zg\u0142oszeniowym Uczestnika.<span class=\"Apple-converted-space\">\u00a0<\/span><\/p>\n<p><b>\u00a76.<span class=\"Apple-converted-space\">\u00a0<\/span><\/b><\/p>\n<p><b>Ochrona danych osobowych (RODO)<\/b><\/p>\n<ol>\n<li>Administratorem danych osobowych uczestnik\u00f3w jest Organizator.<span class=\"Apple-converted-space\">\u00a0<\/span><\/li>\n<li>Dane osobowe uczestnik\u00f3w (imi\u0119, nazwisko, adres e-mail, dane do wysy\u0142ki pr\u00f3bek) przetwarzane s\u0105 w celu:<\/li>\n<\/ol>\n<ol>\n<li>realizacji akcji mailingowej i przekazania pr\u00f3bek<\/li>\n<li>prowadzenia ewidencji przekazanych produkt\u00f3w,<\/li>\n<li>kontaktu z uczestnikiem w zwi\u0105zku z przebiegiem akcji.<\/li>\n<\/ol>\n<ol>\n<li>Podstaw\u0105 prawn\u0105 przetwarzania danych jest prawnie uzasadniony interes administratora (art. 6 ust. 1 lit. f RODO) polegaj\u0105cy na prowadzeniu dzia\u0142a\u0144 informacyjno-edukacyjnych wobec profesjonalist\u00f3w oraz realizacji akcji promocyjnej.<\/li>\n<li>Dane osobowe mog\u0105 by\u0107 przekazywane podmiotom wsp\u00f3\u0142pracuj\u0105cym z administratorem (np. firmom kurierskim, podmiotom \u015bwiadcz\u0105cym us\u0142ugi IT), wy\u0142\u0105cznie w zakresie niezb\u0119dnym do realizacji cel\u00f3w opisanych powy\u017cej.<\/li>\n<li>Dane b\u0119d\u0105 przetwarzane przez okres trwania akcji i nie d\u0142u\u017cej ni\u017c 6 miesi\u0119cy od jej zako\u0144czenia, chyba \u017ce przepisy prawa lub interes administratora uzasadniaj\u0105 ich d\u0142u\u017csze przechowywanie.<\/li>\n<li>Uczestnikowi przys\u0142uguje prawo dost\u0119pu do swoich danych, ich sprostowania, usuni\u0119cia, ograniczenia przetwarzania oraz wniesienia sprzeciwu.<\/li>\n<li>Uczestnikowi przys\u0142uguje r\u00f3wnie\u017c prawo wniesienia skargi do Prezesa UODO, je\u017celi uzna, \u017ce przetwarzanie jego danych narusza przepisy RODO.<\/li>\n<li>Podanie danych osobowych jest dobrowolne, lecz niezb\u0119dne do udzia\u0142u w akcji.<\/li>\n<\/ol>\n<p><b>\u00a77.<span class=\"Apple-converted-space\">\u00a0<\/span><\/b><\/p>\n<p><b>Postanowienia ko\u0144cowe<\/b><\/p>\n<ol>\n<li>Organizator zastrzega sobie prawo do wprowadzenia zmian w Regulaminie, o ile nie narusz\u0105 one praw ju\u017c nabytych uczestnik\u00f3w.<\/li>\n<li>Wszelkie pytania dotycz\u0105ce akcji nale\u017cy kierowa\u0107 na adres e-mail: <a href=\"mailto:marlena.stanislawska@aflofarm.pl\">marlena.stanislawska@aflofarm.pl<\/a>; <a href=\"mailto:anna.urbanska@aflofarm.pl\">anna.urbanska@aflofarm.pl<\/a><span class=\"Apple-converted-space\">\u00a0<\/span><\/li>\n<li>Regulamin wchodzi w \u017cycie z dniem 6.06.2025 i obowi\u0105zuje przez czas trwania akcji.<\/li>\n<li>Z tytu\u0142u uczestnictwa w Akcji Promocyjnej nie przys\u0142uguje zwrot koszt\u00f3w ani innych wydatk\u00f3w poniesionych przez Uczestnik\u00f3w. Koszty zwi\u0105zane z korzystaniem z Internetu le\u017c\u0105 tak\u017ce po stronie Uczestnik\u00f3w. Organizator nie przewiduje wys\u0142ania pr\u00f3bek za samo zg\u0142oszenie przez Uczestnika.<span class=\"Apple-converted-space\">\u00a0<\/span><\/li>\n<li>Uczestnik Akcji Promocyjnej zobowi\u0105zuje si\u0119 bezwarunkowo przyj\u0105\u0107 i stosowa\u0107 si\u0119 do postanowie\u0144 Regulaminu.<span class=\"Apple-converted-space\">\u00a0<\/span><\/li>\n<li>Organizator nie ponosi odpowiedzialno\u015bci za podanie przez Uczestnika niew\u0142a\u015bciwych lub nieprawdziwych danych teleadresowych, uniemo\u017cliwiaj\u0105cych przekazanie przez Organizatora pr\u00f3bek produkt\u00f3w.<span class=\"Apple-converted-space\">\u00a0<\/span><\/li>\n<li>Akcja Promocyjna prowadzona na podstawie niniejszego Regulaminu nie jest gr\u0105 losow\u0105 (loteri\u0105, zak\u0142adem wzajemnym itp.) w rozumieniu art. 2 ustawy z dnia 19 listopada 2009 r. o grach hazardowych (tj. Dz. U. z 2023 r. poz. 227).<span class=\"Apple-converted-space\">\u00a0<\/span><\/li>\n<\/ol>\n<p><b>\u00a78.<\/b><\/p>\n<p><b>Zmiany Regulaminu<\/b><\/p>\n<ol>\n<li>Organizator zastrzega sobie prawo zmiany postanowie\u0144 Regulaminu w przypadkach uzasadnionych wa\u017cnymi przyczynami, w szczeg\u00f3lno\u015bci:<span class=\"Apple-converted-space\">\u00a0<\/span><\/li>\n<\/ol>\n<ol>\n<li>zmiana przepis\u00f3w prawa maj\u0105cych bezpo\u015bredni wp\u0142yw na realizacj\u0119 Akcji Promocyjnej;<\/li>\n<li>ochrona bezpiecze\u0144stwa i prywatno\u015bci danych Uczestnik\u00f3w;<\/li>\n<li>zmian\u0105 sposobu organizacji Akcji Promocyjnej, wynikaj\u0105c\u0105 z czynnik\u00f3w technicznych lub niezale\u017cnych od Organizatora;<span class=\"Apple-converted-space\">\u00a0<\/span><\/li>\n<li>wprowadzeniem nowych funkcjonalno\u015bci lub us\u0142ug albo praw Uczestnik\u00f3w.<\/li>\n<\/ol>\n<ol>\n<li>Organizator powiadomi Uczestnik\u00f3w o ka\u017cdej zmianie Regulaminu z co najmniej 3-dniowym wyprzedzeniem przed wej\u015bciem w \u017cycie.<span class=\"Apple-converted-space\">\u00a0<\/span><\/li>\n<li>Powiadomienie o zmianie Regulaminu zostanie dokonane poprzez zamieszczenie odpowiedniej informacji na oficjalnej Stronie Internetowej Organizatora podanej w oraz wys\u0142anie wiadomo\u015bci email do Uczestnik\u00f3w.<\/li>\n<li>Zmiany w Regulaminie wchodz\u0105 w \u017cycie w terminie 3 dni kalendarzowych od dnia publikacji zmian na Stronie Internetowej Organizatora.<span class=\"Apple-converted-space\">\u00a0<\/span><\/li>\n<li>Je\u017celi Uczestnik nie wyra\u017ca zgody na zmiany w Regulaminie, ma prawo wycofa\u0107 si\u0119 z udzia\u0142u w Akcji Promocyjnej, informuj\u0105c o tym Organizatora poprzez wiadomo\u015b\u0107 email, przed wej\u015bciem w \u017cycie zmian w Regulaminie. Organizator uwzgl\u0119dni pro\u015bb\u0119 o wycofanie si\u0119 z Akcji Promocyjnej tak\u017ce w p\u00f3\u017aniejszym terminie. Brak wycofania si\u0119 z udzia\u0142u w Akcji Promocyjnej w terminie wskazanym powy\u017cej lub kontynuacja udzia\u0142u po wej\u015bciu w \u017cycie zmian Regulaminu b\u0119dzie r\u00f3wnoznaczna z akceptacj\u0105 zmian przez Uczestnika.<span class=\"Apple-converted-space\">\u00a0<\/span><\/li>\n<li>Zmiany Regulaminu nie mog\u0105 narusza\u0107 praw nabytych Uczestnik\u00f3w, kt\u00f3rzy spe\u0142nili wszystkie warunki okre\u015blone w Regulaminie przed dat\u0105 wej\u015bcia w \u017cycie zmienionych postanowie\u0144. W przypadku Uczestnik\u00f3w, kt\u00f3rzy zostali zaakceptowani przed zmian\u0105 Regulaminu, obowi\u0105zuj\u0105 zasady w momencie ich wy\u0142onienia.<span class=\"Apple-converted-space\">\u00a0<\/span><\/li>\n<li>Zmieniony Regulamin obowi\u0105zuje od dnia wskazanego w powiadomieniu o zmianie, chyba \u017ce z przepis\u00f3w prawa wynika konieczno\u015b\u0107 innego terminu wej\u015bcia w \u017cycie zmian.<span class=\"Apple-converted-space\">\u00a0<\/span><\/li>\n<li>Wszelkie zmiany Regulaminu dokonywane b\u0119d\u0105 w spos\u00f3b zgodny z przepisami prawa oraz z poszanowaniem praw konsument\u00f3w.<\/li>\n<\/ol>\n","protected":false},"excerpt":{"rendered":"<p>Regulamin udzia\u0142u w akcji promocyjnej marki Iladian Zwany dalej jako \u201eRegulamin\u201d \u00a71.\u00a0 Postanowienia og\u00f3lne Regulamin okre\u015bla zasady udzia\u0142u w akcji mailingowej organizowanej przez Aflofarm Farmacja Polska Sp. z o.o. z&#8230;<\/p>\n","protected":false},"author":1,"featured_media":0,"parent":0,"menu_order":0,"comment_status":"closed","ping_status":"closed","template":"","meta":{"footnotes":""},"class_list":["post-6431","page","type-page","status-publish"],"_links":{"self":[{"href":"https:\/\/iladian.pl\/index.php\/wp-json\/wp\/v2\/pages\/6431","targetHints":{"allow":["GET"]}}],"collection":[{"href":"https:\/\/iladian.pl\/index.php\/wp-json\/wp\/v2\/pages"}],"about":[{"href":"https:\/\/iladian.pl\/index.php\/wp-json\/wp\/v2\/types\/page"}],"author":[{"embeddable":true,"href":"https:\/\/iladian.pl\/index.php\/wp-json\/wp\/v2\/users\/1"}],"replies":[{"embeddable":true,"href":"https:\/\/iladian.pl\/index.php\/wp-json\/wp\/v2\/comments?post=6431"}],"version-history":[{"count":1,"href":"https:\/\/iladian.pl\/index.php\/wp-json\/wp\/v2\/pages\/6431\/revisions"}],"predecessor-version":[{"id":6432,"href":"https:\/\/iladian.pl\/index.php\/wp-json\/wp\/v2\/pages\/6431\/revisions\/6432"}],"wp:attachment":[{"href":"https:\/\/iladian.pl\/index.php\/wp-json\/wp\/v2\/media?parent=6431"}],"curies":[{"name":"wp","href":"https:\/\/api.w.org\/{rel}","templated":true}]}}